{"id":162,"date":"2018-03-27T15:27:15","date_gmt":"2018-03-27T08:27:15","guid":{"rendered":"http:\/\/hungrt.raothue.com\/linhvt\/?page_id=162"},"modified":"2018-03-27T15:27:15","modified_gmt":"2018-03-27T08:27:15","slug":"vi-sao-chon-chung-toi","status":"publish","type":"page","link":"https:\/\/c391-linhvt.com-vn.net\/?page_id=162","title":{"rendered":"V\u00ec sao ch\u1ecdn ch\u00fang t\u00f4i?"},"content":{"rendered":"<p>V\u00ec sao ch\u1ecdn ch\u00fang t\u00f4i ?<\/p>\n","protected":false},"excerpt":{"rendered":"<p>V\u00ec sao ch\u1ecdn ch\u00fang t\u00f4i ?<\/p>\n","protected":false},"author":1,"featured_media":0,"parent":0,"menu_order":0,"comment_status":"closed","ping_status":"closed","template":"","meta":[],"_links":{"self":[{"href":"https:\/\/c391-linhvt.com-vn.net\/index.php?rest_route=\/wp\/v2\/pages\/162"}],"collection":[{"href":"https:\/\/c391-linhvt.com-vn.net\/index.php?rest_route=\/wp\/v2\/pages"}],"about":[{"href":"https:\/\/c391-linhvt.com-vn.net\/index.php?rest_route=\/wp\/v2\/types\/page"}],"author":[{"embeddable":true,"href":"https:\/\/c391-linhvt.com-vn.net\/index.php?rest_route=\/wp\/v2\/users\/1"}],"replies":[{"embeddable":true,"href":"https:\/\/c391-linhvt.com-vn.net\/index.php?rest_route=%2Fwp%2Fv2%2Fcomments&post=162"}],"version-history":[{"count":1,"href":"https:\/\/c391-linhvt.com-vn.net\/index.php?rest_route=\/wp\/v2\/pages\/162\/revisions"}],"predecessor-version":[{"id":163,"href":"https:\/\/c391-linhvt.com-vn.net\/index.php?rest_route=\/wp\/v2\/pages\/162\/revisions\/163"}],"wp:attachment":[{"href":"https:\/\/c391-linhvt.com-vn.net\/index.php?rest_route=%2Fwp%2Fv2%2Fmedia&parent=162"}],"curies":[{"name":"wp","href":"https:\/\/api.w.org\/{rel}","templated":true}]}}